{"id":520,"date":"2024-12-06T04:26:16","date_gmt":"2024-12-06T04:26:16","guid":{"rendered":"https:\/\/raymondsingh.com\/luxury-properties\/"},"modified":"2025-12-05T20:27:06","modified_gmt":"2025-12-05T20:27:06","slug":"proprietes-de-luxe","status":"publish","type":"page","link":"https:\/\/raymondsingh.com\/fr\/proprietes-de-luxe\/","title":{"rendered":"Propri\u00e9t\u00e9s de luxe"},"content":{"rendered":"<!-- Starting MW Properties \/ Shortcode ID: 2f6714a83568 --><div id=\"mix-container-2f6714a83568\" class=\"mix-container\"><div class=\"mix all open new sold\" style=\"flex:0 0 100% !important; width: 100% !important;\">\n        <h3 class=\"text-center\">Oups, nous n'avons actuellement aucun bien correspondant \u00e0 vos crit\u00e8res.<br>Restez \u00e0 l'\u00e9coute pour de nouveaux biens.<\/h3>\n    <\/div><\/div><div class=\"col-sm-12\"><div id=\"pagination-wrapper\" class=\"mixitup-page-list text-center\"><\/div><\/div><!-- Ending MW Properties \/ Shortcode ID: 2f6714a83568 -->\n","protected":false},"excerpt":{"rendered":"","protected":false},"author":5,"featured_media":21389,"parent":0,"menu_order":0,"comment_status":"closed","ping_status":"closed","template":"template-listings.php","meta":{"_acf_changed":false,"inline_featured_image":false,"footnotes":""},"class_list":["post-520","page","type-page","status-publish","has-post-thumbnail","hentry"],"acf":[],"yoast_head":"<!-- This site is optimized with the Yoast SEO plugin v27.4 - https:\/\/yoast.com\/product\/yoast-seo-wordpress\/ -->\n<title>Propri\u00e9t\u00e9s de luxe - Raymond Singh - Courtier immobilier - m immobilier<\/title>\n<meta name=\"robots\" content=\"index, follow, max-snippet:-1, max-image-preview:large, max-video-preview:-1\" \/>\n<link rel=\"canonical\" href=\"https:\/\/raymondsingh.com\/fr\/proprietes-de-luxe\/\" \/>\n<meta property=\"og:locale\" content=\"fr_FR\" \/>\n<meta property=\"og:type\" content=\"article\" \/>\n<meta property=\"og:title\" content=\"Propri\u00e9t\u00e9s de luxe - Raymond Singh - Courtier immobilier - m immobilier\" \/>\n<meta property=\"og:url\" content=\"https:\/\/raymondsingh.com\/fr\/proprietes-de-luxe\/\" \/>\n<meta property=\"og:site_name\" content=\"Raymond Singh\" \/>\n<meta property=\"article:publisher\" content=\"https:\/\/www.facebook.com\/raymondsinghofficial\" \/>\n<meta property=\"article:modified_time\" content=\"2025-12-05T20:27:06+00:00\" \/>\n<meta property=\"og:image\" content=\"https:\/\/raymondsingh.com\/wp-content\/uploads\/2025\/12\/Luxury_properties.webp\" \/>\n\t<meta property=\"og:image:width\" content=\"2000\" \/>\n\t<meta property=\"og:image:height\" content=\"1333\" \/>\n\t<meta property=\"og:image:type\" content=\"image\/webp\" \/>\n<meta name=\"twitter:card\" content=\"summary_large_image\" \/>\n<meta name=\"twitter:label1\" content=\"Dur\u00e9e de lecture estim\u00e9e\" \/>\n\t<meta name=\"twitter:data1\" content=\"1 minute\" \/>\n<script type=\"application\/ld+json\" class=\"yoast-schema-graph\">{\"@context\":\"https:\\\/\\\/schema.org\",\"@graph\":[{\"@type\":\"WebPage\",\"@id\":\"https:\\\/\\\/raymondsingh.com\\\/fr\\\/proprietes-de-luxe\\\/\",\"url\":\"https:\\\/\\\/raymondsingh.com\\\/fr\\\/proprietes-de-luxe\\\/\",\"name\":\"Propri\u00e9t\u00e9s de luxe - Raymond Singh - Courtier immobilier - m immobilier\",\"isPartOf\":{\"@id\":\"https:\\\/\\\/raymondsingh.com\\\/#website\"},\"primaryImageOfPage\":{\"@id\":\"https:\\\/\\\/raymondsingh.com\\\/fr\\\/proprietes-de-luxe\\\/#primaryimage\"},\"image\":{\"@id\":\"https:\\\/\\\/raymondsingh.com\\\/fr\\\/proprietes-de-luxe\\\/#primaryimage\"},\"thumbnailUrl\":\"https:\\\/\\\/raymondsingh.com\\\/wp-content\\\/uploads\\\/2025\\\/12\\\/Luxury_properties.webp\",\"datePublished\":\"2024-12-06T04:26:16+00:00\",\"dateModified\":\"2025-12-05T20:27:06+00:00\",\"breadcrumb\":{\"@id\":\"https:\\\/\\\/raymondsingh.com\\\/fr\\\/proprietes-de-luxe\\\/#breadcrumb\"},\"inLanguage\":\"fr-FR\",\"potentialAction\":[{\"@type\":\"ReadAction\",\"target\":[\"https:\\\/\\\/raymondsingh.com\\\/fr\\\/proprietes-de-luxe\\\/\"]}]},{\"@type\":\"ImageObject\",\"inLanguage\":\"fr-FR\",\"@id\":\"https:\\\/\\\/raymondsingh.com\\\/fr\\\/proprietes-de-luxe\\\/#primaryimage\",\"url\":\"https:\\\/\\\/raymondsingh.com\\\/wp-content\\\/uploads\\\/2025\\\/12\\\/Luxury_properties.webp\",\"contentUrl\":\"https:\\\/\\\/raymondsingh.com\\\/wp-content\\\/uploads\\\/2025\\\/12\\\/Luxury_properties.webp\",\"width\":2000,\"height\":1333},{\"@type\":\"BreadcrumbList\",\"@id\":\"https:\\\/\\\/raymondsingh.com\\\/fr\\\/proprietes-de-luxe\\\/#breadcrumb\",\"itemListElement\":[{\"@type\":\"ListItem\",\"position\":1,\"name\":\"Home\",\"item\":\"https:\\\/\\\/raymondsingh.com\\\/fr\\\/\"},{\"@type\":\"ListItem\",\"position\":2,\"name\":\"Propri\u00e9t\u00e9s de luxe\"}]},{\"@type\":\"WebSite\",\"@id\":\"https:\\\/\\\/raymondsingh.com\\\/#website\",\"url\":\"https:\\\/\\\/raymondsingh.com\\\/\",\"name\":\"Raymond Singh\",\"description\":\"Courtier immobilier - m immobilier\",\"publisher\":{\"@id\":\"https:\\\/\\\/raymondsingh.com\\\/#organization\"},\"potentialAction\":[{\"@type\":\"SearchAction\",\"target\":{\"@type\":\"EntryPoint\",\"urlTemplate\":\"https:\\\/\\\/raymondsingh.com\\\/?s={search_term_string}\"},\"query-input\":{\"@type\":\"PropertyValueSpecification\",\"valueRequired\":true,\"valueName\":\"search_term_string\"}}],\"inLanguage\":\"fr-FR\"},{\"@type\":\"Organization\",\"@id\":\"https:\\\/\\\/raymondsingh.com\\\/#organization\",\"name\":\"Raymond Singh\",\"url\":\"https:\\\/\\\/raymondsingh.com\\\/\",\"logo\":{\"@type\":\"ImageObject\",\"inLanguage\":\"fr-FR\",\"@id\":\"https:\\\/\\\/raymondsingh.com\\\/#\\\/schema\\\/logo\\\/image\\\/\",\"url\":\"https:\\\/\\\/raymondsingh.com\\\/wp-content\\\/uploads\\\/2024\\\/12\\\/banner-mono-logo.png\",\"contentUrl\":\"https:\\\/\\\/raymondsingh.com\\\/wp-content\\\/uploads\\\/2024\\\/12\\\/banner-mono-logo.png\",\"width\":1241,\"height\":1201,\"caption\":\"Raymond Singh\"},\"image\":{\"@id\":\"https:\\\/\\\/raymondsingh.com\\\/#\\\/schema\\\/logo\\\/image\\\/\"},\"sameAs\":[\"https:\\\/\\\/www.facebook.com\\\/raymondsinghofficial\"]}]}<\/script>\n<!-- \/ Yoast SEO plugin. -->","yoast_head_json":{"title":"Propri\u00e9t\u00e9s de luxe - Raymond Singh - Courtier immobilier - m immobilier","robots":{"index":"index","follow":"follow","max-snippet":"max-snippet:-1","max-image-preview":"max-image-preview:large","max-video-preview":"max-video-preview:-1"},"canonical":"https:\/\/raymondsingh.com\/fr\/proprietes-de-luxe\/","og_locale":"fr_FR","og_type":"article","og_title":"Propri\u00e9t\u00e9s de luxe - Raymond Singh - Courtier immobilier - m immobilier","og_url":"https:\/\/raymondsingh.com\/fr\/proprietes-de-luxe\/","og_site_name":"Raymond Singh","article_publisher":"https:\/\/www.facebook.com\/raymondsinghofficial","article_modified_time":"2025-12-05T20:27:06+00:00","og_image":[{"width":2000,"height":1333,"url":"https:\/\/raymondsingh.com\/wp-content\/uploads\/2025\/12\/Luxury_properties.webp","type":"image\/webp"}],"twitter_card":"summary_large_image","twitter_misc":{"Dur\u00e9e de lecture estim\u00e9e":"1 minute"},"schema":{"@context":"https:\/\/schema.org","@graph":[{"@type":"WebPage","@id":"https:\/\/raymondsingh.com\/fr\/proprietes-de-luxe\/","url":"https:\/\/raymondsingh.com\/fr\/proprietes-de-luxe\/","name":"Propri\u00e9t\u00e9s de luxe - Raymond Singh - Courtier immobilier - m immobilier","isPartOf":{"@id":"https:\/\/raymondsingh.com\/#website"},"primaryImageOfPage":{"@id":"https:\/\/raymondsingh.com\/fr\/proprietes-de-luxe\/#primaryimage"},"image":{"@id":"https:\/\/raymondsingh.com\/fr\/proprietes-de-luxe\/#primaryimage"},"thumbnailUrl":"https:\/\/raymondsingh.com\/wp-content\/uploads\/2025\/12\/Luxury_properties.webp","datePublished":"2024-12-06T04:26:16+00:00","dateModified":"2025-12-05T20:27:06+00:00","breadcrumb":{"@id":"https:\/\/raymondsingh.com\/fr\/proprietes-de-luxe\/#breadcrumb"},"inLanguage":"fr-FR","potentialAction":[{"@type":"ReadAction","target":["https:\/\/raymondsingh.com\/fr\/proprietes-de-luxe\/"]}]},{"@type":"ImageObject","inLanguage":"fr-FR","@id":"https:\/\/raymondsingh.com\/fr\/proprietes-de-luxe\/#primaryimage","url":"https:\/\/raymondsingh.com\/wp-content\/uploads\/2025\/12\/Luxury_properties.webp","contentUrl":"https:\/\/raymondsingh.com\/wp-content\/uploads\/2025\/12\/Luxury_properties.webp","width":2000,"height":1333},{"@type":"BreadcrumbList","@id":"https:\/\/raymondsingh.com\/fr\/proprietes-de-luxe\/#breadcrumb","itemListElement":[{"@type":"ListItem","position":1,"name":"Home","item":"https:\/\/raymondsingh.com\/fr\/"},{"@type":"ListItem","position":2,"name":"Propri\u00e9t\u00e9s de luxe"}]},{"@type":"WebSite","@id":"https:\/\/raymondsingh.com\/#website","url":"https:\/\/raymondsingh.com\/","name":"Raymond Singh","description":"Courtier immobilier - m immobilier","publisher":{"@id":"https:\/\/raymondsingh.com\/#organization"},"potentialAction":[{"@type":"SearchAction","target":{"@type":"EntryPoint","urlTemplate":"https:\/\/raymondsingh.com\/?s={search_term_string}"},"query-input":{"@type":"PropertyValueSpecification","valueRequired":true,"valueName":"search_term_string"}}],"inLanguage":"fr-FR"},{"@type":"Organization","@id":"https:\/\/raymondsingh.com\/#organization","name":"Raymond Singh","url":"https:\/\/raymondsingh.com\/","logo":{"@type":"ImageObject","inLanguage":"fr-FR","@id":"https:\/\/raymondsingh.com\/#\/schema\/logo\/image\/","url":"https:\/\/raymondsingh.com\/wp-content\/uploads\/2024\/12\/banner-mono-logo.png","contentUrl":"https:\/\/raymondsingh.com\/wp-content\/uploads\/2024\/12\/banner-mono-logo.png","width":1241,"height":1201,"caption":"Raymond Singh"},"image":{"@id":"https:\/\/raymondsingh.com\/#\/schema\/logo\/image\/"},"sameAs":["https:\/\/www.facebook.com\/raymondsinghofficial"]}]}},"_links":{"self":[{"href":"https:\/\/raymondsingh.com\/fr\/wp-json\/wp\/v2\/pages\/520","targetHints":{"allow":["GET"]}}],"collection":[{"href":"https:\/\/raymondsingh.com\/fr\/wp-json\/wp\/v2\/pages"}],"about":[{"href":"https:\/\/raymondsingh.com\/fr\/wp-json\/wp\/v2\/types\/page"}],"author":[{"embeddable":true,"href":"https:\/\/raymondsingh.com\/fr\/wp-json\/wp\/v2\/users\/5"}],"replies":[{"embeddable":true,"href":"https:\/\/raymondsingh.com\/fr\/wp-json\/wp\/v2\/comments?post=520"}],"version-history":[{"count":5,"href":"https:\/\/raymondsingh.com\/fr\/wp-json\/wp\/v2\/pages\/520\/revisions"}],"predecessor-version":[{"id":729,"href":"https:\/\/raymondsingh.com\/fr\/wp-json\/wp\/v2\/pages\/520\/revisions\/729"}],"wp:featuredmedia":[{"embeddable":true,"href":"https:\/\/raymondsingh.com\/fr\/wp-json\/wp\/v2\/media\/21389"}],"wp:attachment":[{"href":"https:\/\/raymondsingh.com\/fr\/wp-json\/wp\/v2\/media?parent=520"}],"curies":[{"name":"wp","href":"https:\/\/api.w.org\/{rel}","templated":true}]}}